{"id":7,"date":"2024-01-10T15:39:10","date_gmt":"2024-01-10T15:39:10","guid":{"rendered":"https:\/\/www.monsupello.it\/?page_id=7"},"modified":"2026-03-09T11:00:31","modified_gmt":"2026-03-09T10:00:31","slug":"home","status":"publish","type":"page","link":"https:\/\/www.monsupello.it\/en\/","title":{"rendered":"Home"},"content":{"rendered":"<div data-elementor-type=\"wp-page\" data-elementor-id=\"7\" class=\"elementor elementor-7\" data-elementor-post-type=\"page\">\n\t\t\t\t\t\t<section class=\"elementor-section elementor-top-section elementor-element elementor-element-394b1265 elementor-section-height-min-height elementor-section-content-middle elementor-reverse-mobile elementor-section-boxed elementor-section-height-default elementor-section-items-middle\" data-id=\"394b1265\" data-element_type=\"section\" data-settings=\"{&quot;background_background&quot;:&quot;classic&quot;}\">\n\t\t\t\t\t\t\t<div class=\"elementor-background-overlay\"><\/div>\n\t\t\t\t\t\t\t<div class=\"elementor-container elementor-column-gap-default\">\n\t\t\t\t\t<div class=\"elementor-column elementor-col-100 elementor-top-column elementor-element elementor-element-73b0ec9c\" data-id=\"73b0ec9c\" data-element_type=\"column\">\n\t\t\t<div class=\"elementor-widget-wrap elementor-element-populated\">\n\t\t\t\t\t\t<div class=\"elementor-element elementor-element-3966cebf elementor-invisible elementor-widget elementor-widget-heading\" data-id=\"3966cebf\" data-element_type=\"widget\" data-settings=\"{&quot;_animation&quot;:&quot;fadeInUp&quot;}\" data-widget_type=\"heading.default\">\n\t\t\t\t<div class=\"elementor-widget-container\">\n\t\t\t<p class=\"elementor-heading-title elementor-size-default\">SINCE 1893<\/p>\t\t<\/div>\n\t\t\t\t<\/div>\n\t\t\t\t<div class=\"elementor-element elementor-element-662a775 elementor-widget elementor-widget-image\" data-id=\"662a775\" data-element_type=\"widget\" data-widget_type=\"image.default\">\n\t\t\t\t<div class=\"elementor-widget-container\">\n\t\t\t\t\t\t\t\t\t\t\t\t\t<img fetchpriority=\"high\" decoding=\"async\" width=\"1024\" height=\"258\" src=\"https:\/\/www.monsupello.it\/wp-content\/uploads\/2026\/03\/Logo_Monsupello_White-1024x258.png\" class=\"attachment-large size-large wp-image-2625\" alt=\"\" srcset=\"https:\/\/www.monsupello.it\/wp-content\/uploads\/2026\/03\/Logo_Monsupello_White-1024x258.png 1024w, https:\/\/www.monsupello.it\/wp-content\/uploads\/2026\/03\/Logo_Monsupello_White-300x76.png 300w, https:\/\/www.monsupello.it\/wp-content\/uploads\/2026\/03\/Logo_Monsupello_White-768x194.png 768w, https:\/\/www.monsupello.it\/wp-content\/uploads\/2026\/03\/Logo_Monsupello_White-18x5.png 18w, https:\/\/www.monsupello.it\/wp-content\/uploads\/2026\/03\/Logo_Monsupello_White.png 1043w\" sizes=\"(max-width: 1024px) 100vw, 1024px\" \/>\t\t\t\t\t\t\t\t\t\t\t\t\t<\/div>\n\t\t\t\t<\/div>\n\t\t\t\t<div class=\"elementor-element elementor-element-8ebb913 elementor-widget elementor-widget-text-editor\" data-id=\"8ebb913\" data-element_type=\"widget\" data-widget_type=\"text-editor.default\">\n\t\t\t\t<div class=\"elementor-widget-container\">\n\t\t\t\t\t\t\t<p><strong>The excellence in Oltrepo\u2019: a story of values<\/strong><\/p>\t\t\t\t\t\t<\/div>\n\t\t\t\t<\/div>\n\t\t\t\t<div class=\"elementor-element elementor-element-5a81c664 elementor-align-center elementor-invisible elementor-widget elementor-widget-button\" data-id=\"5a81c664\" data-element_type=\"widget\" data-settings=\"{&quot;_animation&quot;:&quot;fadeInUp&quot;,&quot;_animation_delay&quot;:200}\" data-widget_type=\"button.default\">\n\t\t\t\t<div class=\"elementor-widget-container\">\n\t\t\t\t\t\t\t<div class=\"elementor-button-wrapper\">\n\t\t\t\t\t<a class=\"elementor-button elementor-button-link elementor-size-md elementor-animation-grow\" href=\"https:\/\/www.monsupello.it\/en\/vini\/\">\n\t\t\t\t\t\t<span class=\"elementor-button-content-wrapper\">\n\t\t\t\t\t\t\t\t\t<span class=\"elementor-button-text\">DISCOVER OUR WINES<\/span>\n\t\t\t\t\t<\/span>\n\t\t\t\t\t<\/a>\n\t\t\t\t<\/div>\n\t\t\t\t\t\t<\/div>\n\t\t\t\t<\/div>\n\t\t\t\t\t<\/div>\n\t\t<\/div>\n\t\t\t\t\t<\/div>\n\t\t<\/section>\n\t\t<div class=\"elementor-element elementor-element-abfeabd e-con-full e-flex e-con e-parent\" data-id=\"abfeabd\" data-element_type=\"container\">\n\t\t\t\t<div class=\"elementor-element elementor-element-516388d elementor-widget elementor-widget-video\" data-id=\"516388d\" data-element_type=\"widget\" data-settings=\"{&quot;video_type&quot;:&quot;hosted&quot;,&quot;show_image_overlay&quot;:&quot;yes&quot;,&quot;image_overlay&quot;:{&quot;url&quot;:&quot;https:\\\/\\\/www.monsupello.it\\\/wp-content\\\/uploads\\\/2026\\\/02\\\/Bg.png&quot;,&quot;id&quot;:2618,&quot;size&quot;:&quot;&quot;,&quot;alt&quot;:&quot;&quot;,&quot;source&quot;:&quot;library&quot;},&quot;controls&quot;:&quot;yes&quot;}\" data-widget_type=\"video.default\">\n\t\t\t\t<div class=\"elementor-widget-container\">\n\t\t\t\t\t<div class=\"e-hosted-video elementor-wrapper elementor-open-inline\">\n\t\t\t\t\t<video class=\"elementor-video\" src=\"https:\/\/www.monsupello.it\/wp-content\/uploads\/2026\/02\/Monsupello_2026.mp4\" controls=\"\" preload=\"metadata\" controlslist=\"nodownload\"><\/video>\n\t\t\t\t\t\t<div class=\"elementor-custom-embed-image-overlay\" style=\"background-image: url(https:\/\/www.monsupello.it\/wp-content\/uploads\/2026\/02\/Bg.png);\">\n\t\t\t\t\t\t\t\t\t\t\t\t\t\t\t\t<div class=\"elementor-custom-embed-play\" role=\"button\" aria-label=\"Play Video\" tabindex=\"0\">\n\t\t\t\t\t\t\t<svg aria-hidden=\"true\" class=\"e-font-icon-svg e-eicon-play\" viewbox=\"0 0 1000 1000\" xmlns=\"http:\/\/www.w3.org\/2000\/svg\"><path d=\"M838 162C746 71 633 25 500 25 371 25 258 71 163 162 71 254 25 367 25 500 25 633 71 746 163 837 254 929 367 979 500 979 633 979 746 933 838 837 929 746 975 633 975 500 975 367 929 254 838 162M808 192C892 279 933 379 933 500 933 621 892 725 808 808 725 892 621 938 500 938 379 938 279 896 196 808 113 725 67 621 67 500 67 379 108 279 196 192 279 108 383 62 500 62 621 62 721 108 808 192M438 392V642L642 517 438 392Z\"><\/path><\/svg>\t\t\t\t\t\t\t<span class=\"elementor-screen-only\">Play Video<\/span>\n\t\t\t\t\t\t<\/div>\n\t\t\t\t\t\t\t\t\t<\/div>\n\t\t\t\t\t<\/div>\n\t\t\t\t<\/div>\n\t\t\t\t<\/div>\n\t\t\t\t<\/div>\n\t\t\t\t<section class=\"elementor-section elementor-top-section elementor-element elementor-element-4c7efb46 elementor-section-full_width elementor-reverse-mobile elementor-section-height-default elementor-section-height-default\" data-id=\"4c7efb46\" data-element_type=\"section\" data-settings=\"{&quot;background_background&quot;:&quot;classic&quot;}\">\n\t\t\t\t\t\t<div class=\"elementor-container elementor-column-gap-no\">\n\t\t\t\t\t<div class=\"elementor-column elementor-col-50 elementor-top-column elementor-element elementor-element-58fce567\" data-id=\"58fce567\" data-element_type=\"column\" data-settings=\"{&quot;background_background&quot;:&quot;classic&quot;}\">\n\t\t\t<div class=\"elementor-widget-wrap elementor-element-populated\">\n\t\t\t\t\t\t<div class=\"elementor-element elementor-element-6b6e4214 elementor-widget elementor-widget-spacer\" data-id=\"6b6e4214\" data-element_type=\"widget\" data-widget_type=\"spacer.default\">\n\t\t\t\t<div class=\"elementor-widget-container\">\n\t\t\t\t\t<div class=\"elementor-spacer\">\n\t\t\t<div class=\"elementor-spacer-inner\"><\/div>\n\t\t<\/div>\n\t\t\t\t<\/div>\n\t\t\t\t<\/div>\n\t\t\t\t\t<\/div>\n\t\t<\/div>\n\t\t\t\t<div class=\"elementor-column elementor-col-50 elementor-top-column elementor-element elementor-element-5dd6dc42\" data-id=\"5dd6dc42\" data-element_type=\"column\">\n\t\t\t<div class=\"elementor-widget-wrap elementor-element-populated\">\n\t\t\t\t\t\t<div class=\"elementor-element elementor-element-1b212bff elementor-widget elementor-widget-heading\" data-id=\"1b212bff\" data-element_type=\"widget\" data-widget_type=\"heading.default\">\n\t\t\t\t<div class=\"elementor-widget-container\">\n\t\t\t<h2 class=\"elementor-heading-title elementor-size-default\">Our story\n<\/h2>\t\t<\/div>\n\t\t\t\t<\/div>\n\t\t\t\t<div class=\"elementor-element elementor-element-481742f9 elementor-widget elementor-widget-text-editor\" data-id=\"481742f9\" data-element_type=\"widget\" data-widget_type=\"text-editor.default\">\n\t\t\t\t<div class=\"elementor-widget-container\">\n\t\t\t\t\t\t\t<p>Once upon a time, and it's still here. It's 1893 when the Boatti Family in the municipality of Oliva Gessi, in the heart of the Oltrep\u00f2 Pavese, writes the most beautiful and important page in the history of Italian sparkling wine: at C\u00e0 del Tava, one of the great crus of the winery, the seal between Monsupello, Pinot Nero, and Chardonnay is stamped.<\/p><p>Daring what is new, dreaming it, imagining it, and making it real: in the name of the father, Carlo Boatti, and today with his children Pierangelo and Laura. With different sensitivities and attitudes, they are interpreters of future horizons, in the contemporaneity of their sparkling wines.<\/p>\t\t\t\t\t\t<\/div>\n\t\t\t\t<\/div>\n\t\t\t\t<div class=\"elementor-element elementor-element-a32aada elementor-align-left elementor-invisible elementor-widget elementor-widget-button\" data-id=\"a32aada\" data-element_type=\"widget\" data-settings=\"{&quot;_animation&quot;:&quot;fadeInUp&quot;,&quot;_animation_delay&quot;:200}\" data-widget_type=\"button.default\">\n\t\t\t\t<div class=\"elementor-widget-container\">\n\t\t\t\t\t\t\t<div class=\"elementor-button-wrapper\">\n\t\t\t\t\t<a class=\"elementor-button elementor-button-link elementor-size-md elementor-animation-grow\" href=\"https:\/\/www.monsupello.it\/en\/lazienda\/\">\n\t\t\t\t\t\t<span class=\"elementor-button-content-wrapper\">\n\t\t\t\t\t\t\t\t\t<span class=\"elementor-button-text\">WHO WE ARE<\/span>\n\t\t\t\t\t<\/span>\n\t\t\t\t\t<\/a>\n\t\t\t\t<\/div>\n\t\t\t\t\t\t<\/div>\n\t\t\t\t<\/div>\n\t\t\t\t\t<\/div>\n\t\t<\/div>\n\t\t\t\t\t<\/div>\n\t\t<\/section>\n\t\t\t\t<section class=\"elementor-section elementor-top-section elementor-element elementor-element-a02727 elementor-section-boxed elementor-section-height-default elementor-section-height-default\" data-id=\"a02727\" data-element_type=\"section\" data-settings=\"{&quot;background_background&quot;:&quot;classic&quot;}\">\n\t\t\t\t\t\t<div class=\"elementor-container elementor-column-gap-no\">\n\t\t\t\t\t<div class=\"elementor-column elementor-col-50 elementor-top-column elementor-element elementor-element-7637123a\" data-id=\"7637123a\" data-element_type=\"column\" data-settings=\"{&quot;background_background&quot;:&quot;classic&quot;}\">\n\t\t\t<div class=\"elementor-widget-wrap elementor-element-populated\">\n\t\t\t\t\t\t<div class=\"elementor-element elementor-element-65a741ba elementor-widget elementor-widget-image\" data-id=\"65a741ba\" data-element_type=\"widget\" data-widget_type=\"image.default\">\n\t\t\t\t<div class=\"elementor-widget-container\">\n\t\t\t\t\t\t\t\t\t\t\t\t\t<img decoding=\"async\" width=\"32\" height=\"44\" src=\"https:\/\/www.monsupello.it\/wp-content\/uploads\/2024\/02\/grape-icon.png\" class=\"attachment-full size-full wp-image-24\" alt=\"\" loading=\"lazy\" \/>\t\t\t\t\t\t\t\t\t\t\t\t\t<\/div>\n\t\t\t\t<\/div>\n\t\t\t\t<div class=\"elementor-element elementor-element-9ab35ea elementor-widget elementor-widget-heading\" data-id=\"9ab35ea\" data-element_type=\"widget\" data-widget_type=\"heading.default\">\n\t\t\t\t<div class=\"elementor-widget-container\">\n\t\t\t<h2 class=\"elementor-heading-title elementor-size-default\">Awards and recognitions \n<\/h2>\t\t<\/div>\n\t\t\t\t<\/div>\n\t\t\t\t<div class=\"elementor-element elementor-element-cf3a005 elementor-widget elementor-widget-text-editor\" data-id=\"cf3a005\" data-element_type=\"widget\" data-widget_type=\"text-editor.default\">\n\t\t\t\t<div class=\"elementor-widget-container\">\n\t\t\t\t\t\t\t<p>The Metodo Classico wines of Monsupello are ambassadors of the Maison's style: in the glass, elegance, freshness, tension, and purity of fruit. Rare gracefulness: a visible and recognizable signature that has made Monsupello the leading company in Oltrep\u00f2 Pavese.<\/p>\t\t\t\t\t\t<\/div>\n\t\t\t\t<\/div>\n\t\t\t\t<div class=\"elementor-element elementor-element-3c71b30 elementor-align-center elementor-invisible elementor-widget elementor-widget-button\" data-id=\"3c71b30\" data-element_type=\"widget\" data-settings=\"{&quot;_animation&quot;:&quot;fadeInUp&quot;,&quot;_animation_delay&quot;:200}\" data-widget_type=\"button.default\">\n\t\t\t\t<div class=\"elementor-widget-container\">\n\t\t\t\t\t\t\t<div class=\"elementor-button-wrapper\">\n\t\t\t\t\t<a class=\"elementor-button elementor-button-link elementor-size-md elementor-animation-grow\" href=\"https:\/\/www.monsupello.it\/en\/premi\/\">\n\t\t\t\t\t\t<span class=\"elementor-button-content-wrapper\">\n\t\t\t\t\t\t\t\t\t<span class=\"elementor-button-text\">DISCOVER MORE<\/span>\n\t\t\t\t\t<\/span>\n\t\t\t\t\t<\/a>\n\t\t\t\t<\/div>\n\t\t\t\t\t\t<\/div>\n\t\t\t\t<\/div>\n\t\t\t\t\t<\/div>\n\t\t<\/div>\n\t\t\t\t<div class=\"elementor-column elementor-col-50 elementor-top-column elementor-element elementor-element-69539b5c\" data-id=\"69539b5c\" data-element_type=\"column\" data-settings=\"{&quot;background_background&quot;:&quot;classic&quot;}\">\n\t\t\t<div class=\"elementor-widget-wrap elementor-element-populated\">\n\t\t\t\t\t\t<div class=\"elementor-element elementor-element-6faa1631 elementor-widget elementor-widget-spacer\" data-id=\"6faa1631\" data-element_type=\"widget\" data-widget_type=\"spacer.default\">\n\t\t\t\t<div class=\"elementor-widget-container\">\n\t\t\t\t\t<div class=\"elementor-spacer\">\n\t\t\t<div class=\"elementor-spacer-inner\"><\/div>\n\t\t<\/div>\n\t\t\t\t<\/div>\n\t\t\t\t<\/div>\n\t\t\t\t\t<\/div>\n\t\t<\/div>\n\t\t\t\t\t<\/div>\n\t\t<\/section>\n\t\t\t\t<section class=\"elementor-section elementor-top-section elementor-element elementor-element-41a1a8a elementor-section-full_width elementor-section-height-default elementor-section-height-default\" data-id=\"41a1a8a\" data-element_type=\"section\" data-settings=\"{&quot;background_background&quot;:&quot;classic&quot;}\">\n\t\t\t\t\t\t\t<div class=\"elementor-background-overlay\"><\/div>\n\t\t\t\t\t\t\t<div class=\"elementor-container elementor-column-gap-no\">\n\t\t\t\t\t<div class=\"elementor-column elementor-col-100 elementor-top-column elementor-element elementor-element-c865ee4\" data-id=\"c865ee4\" data-element_type=\"column\">\n\t\t\t<div class=\"elementor-widget-wrap elementor-element-populated\">\n\t\t\t\t\t\t<section class=\"elementor-section elementor-inner-section elementor-element elementor-element-3900a16 elementor-section-boxed elementor-section-height-default elementor-section-height-default\" data-id=\"3900a16\" data-element_type=\"section\">\n\t\t\t\t\t\t<div class=\"elementor-container elementor-column-gap-default\">\n\t\t\t\t\t<div class=\"elementor-column elementor-col-33 elementor-inner-column elementor-element elementor-element-40a42f6\" data-id=\"40a42f6\" data-element_type=\"column\">\n\t\t\t<div class=\"elementor-widget-wrap\">\n\t\t\t\t\t\t\t<\/div>\n\t\t<\/div>\n\t\t\t\t<div class=\"elementor-column elementor-col-33 elementor-inner-column elementor-element elementor-element-32147c9\" data-id=\"32147c9\" data-element_type=\"column\">\n\t\t\t<div class=\"elementor-widget-wrap elementor-element-populated\">\n\t\t\t\t\t\t<div class=\"elementor-element elementor-element-b4009b8 elementor-widget elementor-widget-heading\" data-id=\"b4009b8\" data-element_type=\"widget\" data-widget_type=\"heading.default\">\n\t\t\t\t<div class=\"elementor-widget-container\">\n\t\t\t<h2 class=\"elementor-heading-title elementor-size-default\">Do you want to get in touch?<\/h2>\t\t<\/div>\n\t\t\t\t<\/div>\n\t\t\t\t<div class=\"elementor-element elementor-element-3737076 elementor-widget elementor-widget-text-editor\" data-id=\"3737076\" data-element_type=\"widget\" data-widget_type=\"text-editor.default\">\n\t\t\t\t<div class=\"elementor-widget-container\">\n\t\t\t\t\t\t\t<p>Laura Boatti, Pierangelo Boatti, Marco Bertelegni, and the Monsupello staff are ready to welcome customers, friends, and wine lovers to the headquarters of Monsupello in Torricella Verzate (PV).<\/p>\t\t\t\t\t\t<\/div>\n\t\t\t\t<\/div>\n\t\t\t\t<div class=\"elementor-element elementor-element-5039f1a elementor-align-center elementor-widget__width-auto elementor-mobile-align-justify elementor-widget-mobile__width-inherit elementor-widget elementor-widget-button\" data-id=\"5039f1a\" data-element_type=\"widget\" data-widget_type=\"button.default\">\n\t\t\t\t<div class=\"elementor-widget-container\">\n\t\t\t\t\t\t\t<div class=\"elementor-button-wrapper\">\n\t\t\t\t\t<a class=\"elementor-button elementor-button-link elementor-size-md elementor-animation-grow\" href=\"https:\/\/www.monsupello.it\/en\/contatti\/\">\n\t\t\t\t\t\t<span class=\"elementor-button-content-wrapper\">\n\t\t\t\t\t\t\t\t\t<span class=\"elementor-button-text\">FIND OUT HOW TO CONTACT US<\/span>\n\t\t\t\t\t<\/span>\n\t\t\t\t\t<\/a>\n\t\t\t\t<\/div>\n\t\t\t\t\t\t<\/div>\n\t\t\t\t<\/div>\n\t\t\t\t\t<\/div>\n\t\t<\/div>\n\t\t\t\t<div class=\"elementor-column elementor-col-33 elementor-inner-column elementor-element elementor-element-f00ba12\" data-id=\"f00ba12\" data-element_type=\"column\">\n\t\t\t<div class=\"elementor-widget-wrap\">\n\t\t\t\t\t\t\t<\/div>\n\t\t<\/div>\n\t\t\t\t\t<\/div>\n\t\t<\/section>\n\t\t\t\t\t<\/div>\n\t\t<\/div>\n\t\t\t\t\t<\/div>\n\t\t<\/section>\n\t\t\t\t<\/div>","protected":false},"excerpt":{"rendered":"<p>Dal 1893 L&#8217;eccellenza in Oltrep\u00f2: una storia di valori Scopri i nostri vini https:\/\/www.monsupello.it\/wp-content\/uploads\/2026\/02\/Monsupello_2026.mp4 La nostra storia C\u2019era una volta e c\u2019\u00e8 ancora. \u00c8 il 1893 quando la Famiglia Boatti nel comune di Oliva Gessi nel cuore dell\u2019Oltrep\u00f2 Pavese scrive la pi\u00f9 bella e importante pagina della storia della spumantistica italiana: a C\u00e0 del Tava, [&hellip;]<\/p>","protected":false},"author":1,"featured_media":0,"parent":0,"menu_order":0,"comment_status":"closed","ping_status":"closed","template":"","meta":{"footnotes":""},"class_list":["post-7","page","type-page","status-publish","hentry","entry"],"yoast_head":"<!-- This site is optimized with the Yoast SEO plugin v24.0 - https:\/\/yoast.com\/wordpress\/plugins\/seo\/ -->\r\n<title>Monsupello Vini | Torricella Verzate (PV)<\/title>\r\n<meta name=\"description\" content=\"L\u2019eccellenza in Oltrep\u00f2: una storia di valori, nel calice eleganza, freschezza, tensione e purezza del frutto.\" \/>\r\n<meta name=\"robots\" content=\"index, follow, max-snippet:-1, max-image-preview:large, max-video-preview:-1\" \/>\r\n<link rel=\"canonical\" href=\"https:\/\/www.monsupello.it\/en\/\" \/>\r\n<meta property=\"og:locale\" content=\"en_GB\" \/>\r\n<meta property=\"og:type\" content=\"article\" \/>\r\n<meta property=\"og:title\" content=\"Monsupello Vini | Torricella Verzate (PV)\" \/>\r\n<meta property=\"og:description\" content=\"L\u2019eccellenza in Oltrep\u00f2: una storia di valori, nel calice eleganza, freschezza, tensione e purezza del frutto.\" \/>\r\n<meta property=\"og:url\" content=\"https:\/\/www.monsupello.it\/en\/\" \/>\r\n<meta property=\"og:site_name\" content=\"Monsupello Vini\" \/>\r\n<meta property=\"article:publisher\" content=\"https:\/\/www.facebook.com\/monsupello\/\" \/>\r\n<meta property=\"article:modified_time\" content=\"2026-03-09T10:00:31+00:00\" \/>\r\n<meta property=\"og:image\" content=\"https:\/\/www.monsupello.it\/wp-content\/uploads\/2026\/03\/Logo_Monsupello_White.png\" \/>\r\n\t<meta property=\"og:image:width\" content=\"1043\" \/>\r\n\t<meta property=\"og:image:height\" content=\"263\" \/>\r\n\t<meta property=\"og:image:type\" content=\"image\/png\" \/>\r\n<meta name=\"twitter:card\" content=\"summary_large_image\" \/>\r\n<meta name=\"twitter:site\" content=\"@monsupello\" \/>\r\n<meta name=\"twitter:label1\" content=\"Estimated reading time\" \/>\n\t<meta name=\"twitter:data1\" content=\"2 minutes\" \/>\r\n<script type=\"application\/ld+json\" class=\"yoast-schema-graph\">{\"@context\":\"https:\/\/schema.org\",\"@graph\":[{\"@type\":\"WebPage\",\"@id\":\"https:\/\/www.monsupello.it\/\",\"url\":\"https:\/\/www.monsupello.it\/\",\"name\":\"Monsupello Vini | Torricella Verzate (PV)\",\"isPartOf\":{\"@id\":\"https:\/\/www.monsupello.it\/#website\"},\"primaryImageOfPage\":{\"@id\":\"https:\/\/www.monsupello.it\/#primaryimage\"},\"image\":{\"@id\":\"https:\/\/www.monsupello.it\/#primaryimage\"},\"thumbnailUrl\":\"https:\/\/www.monsupello.it\/wp-content\/uploads\/2026\/03\/Logo_Monsupello_White-1024x258.png\",\"datePublished\":\"2024-01-10T15:39:10+00:00\",\"dateModified\":\"2026-03-09T10:00:31+00:00\",\"description\":\"L\u2019eccellenza in Oltrep\u00f2: una storia di valori, nel calice eleganza, freschezza, tensione e purezza del frutto.\",\"breadcrumb\":{\"@id\":\"https:\/\/www.monsupello.it\/#breadcrumb\"},\"inLanguage\":\"en-GB\",\"potentialAction\":[{\"@type\":\"ReadAction\",\"target\":[\"https:\/\/www.monsupello.it\/\"]}]},{\"@type\":\"ImageObject\",\"inLanguage\":\"en-GB\",\"@id\":\"https:\/\/www.monsupello.it\/#primaryimage\",\"url\":\"https:\/\/www.monsupello.it\/wp-content\/uploads\/2026\/03\/Logo_Monsupello_White-1024x258.png\",\"contentUrl\":\"https:\/\/www.monsupello.it\/wp-content\/uploads\/2026\/03\/Logo_Monsupello_White-1024x258.png\"},{\"@type\":\"BreadcrumbList\",\"@id\":\"https:\/\/www.monsupello.it\/#breadcrumb\",\"itemListElement\":[{\"@type\":\"ListItem\",\"position\":1,\"name\":\"Home\",\"item\":\"https:\/\/www.monsupello.it\/\"},{\"@type\":\"ListItem\",\"position\":2,\"name\":\"Home\"}]},{\"@type\":\"WebSite\",\"@id\":\"https:\/\/www.monsupello.it\/#website\",\"url\":\"https:\/\/www.monsupello.it\/\",\"name\":\"Monsupello Vini\",\"description\":\"\",\"publisher\":{\"@id\":\"https:\/\/www.monsupello.it\/#organization\"},\"potentialAction\":[{\"@type\":\"SearchAction\",\"target\":{\"@type\":\"EntryPoint\",\"urlTemplate\":\"https:\/\/www.monsupello.it\/?s={search_term_string}\"},\"query-input\":{\"@type\":\"PropertyValueSpecification\",\"valueRequired\":true,\"valueName\":\"search_term_string\"}}],\"inLanguage\":\"en-GB\"},{\"@type\":\"Organization\",\"@id\":\"https:\/\/www.monsupello.it\/#organization\",\"name\":\"Monsupello Vini\",\"url\":\"https:\/\/www.monsupello.it\/\",\"logo\":{\"@type\":\"ImageObject\",\"inLanguage\":\"en-GB\",\"@id\":\"https:\/\/www.monsupello.it\/#\/schema\/logo\/image\/\",\"url\":\"https:\/\/www.monsupello.it\/wp-content\/uploads\/2024\/04\/monsupello-logo-1.png\",\"contentUrl\":\"https:\/\/www.monsupello.it\/wp-content\/uploads\/2024\/04\/monsupello-logo-1.png\",\"width\":583,\"height\":189,\"caption\":\"Monsupello Vini\"},\"image\":{\"@id\":\"https:\/\/www.monsupello.it\/#\/schema\/logo\/image\/\"},\"sameAs\":[\"https:\/\/www.facebook.com\/monsupello\/\",\"https:\/\/x.com\/monsupello\",\"https:\/\/www.instagram.com\/monsupello\/\",\"https:\/\/www.youtube.com\/@monsupello4189\"]}]}<\/script>\r\n<!-- \/ Yoast SEO plugin. -->","yoast_head_json":{"title":"Monsupello Vini | Torricella Verzate (PV)","description":"L\u2019eccellenza in Oltrep\u00f2: una storia di valori, nel calice eleganza, freschezza, tensione e purezza del frutto.","robots":{"index":"index","follow":"follow","max-snippet":"max-snippet:-1","max-image-preview":"max-image-preview:large","max-video-preview":"max-video-preview:-1"},"canonical":"https:\/\/www.monsupello.it\/en\/","og_locale":"en_GB","og_type":"article","og_title":"Monsupello Vini | Torricella Verzate (PV)","og_description":"L\u2019eccellenza in Oltrep\u00f2: una storia di valori, nel calice eleganza, freschezza, tensione e purezza del frutto.","og_url":"https:\/\/www.monsupello.it\/en\/","og_site_name":"Monsupello Vini","article_publisher":"https:\/\/www.facebook.com\/monsupello\/","article_modified_time":"2026-03-09T10:00:31+00:00","og_image":[{"width":1043,"height":263,"url":"https:\/\/www.monsupello.it\/wp-content\/uploads\/2026\/03\/Logo_Monsupello_White.png","type":"image\/png"}],"twitter_card":"summary_large_image","twitter_site":"@monsupello","twitter_misc":{"Estimated reading time":"2 minutes"},"schema":{"@context":"https:\/\/schema.org","@graph":[{"@type":"WebPage","@id":"https:\/\/www.monsupello.it\/","url":"https:\/\/www.monsupello.it\/","name":"Monsupello Vini | Torricella Verzate (PV)","isPartOf":{"@id":"https:\/\/www.monsupello.it\/#website"},"primaryImageOfPage":{"@id":"https:\/\/www.monsupello.it\/#primaryimage"},"image":{"@id":"https:\/\/www.monsupello.it\/#primaryimage"},"thumbnailUrl":"https:\/\/www.monsupello.it\/wp-content\/uploads\/2026\/03\/Logo_Monsupello_White-1024x258.png","datePublished":"2024-01-10T15:39:10+00:00","dateModified":"2026-03-09T10:00:31+00:00","description":"L\u2019eccellenza in Oltrep\u00f2: una storia di valori, nel calice eleganza, freschezza, tensione e purezza del frutto.","breadcrumb":{"@id":"https:\/\/www.monsupello.it\/#breadcrumb"},"inLanguage":"en-GB","potentialAction":[{"@type":"ReadAction","target":["https:\/\/www.monsupello.it\/"]}]},{"@type":"ImageObject","inLanguage":"en-GB","@id":"https:\/\/www.monsupello.it\/#primaryimage","url":"https:\/\/www.monsupello.it\/wp-content\/uploads\/2026\/03\/Logo_Monsupello_White-1024x258.png","contentUrl":"https:\/\/www.monsupello.it\/wp-content\/uploads\/2026\/03\/Logo_Monsupello_White-1024x258.png"},{"@type":"BreadcrumbList","@id":"https:\/\/www.monsupello.it\/#breadcrumb","itemListElement":[{"@type":"ListItem","position":1,"name":"Home","item":"https:\/\/www.monsupello.it\/"},{"@type":"ListItem","position":2,"name":"Home"}]},{"@type":"WebSite","@id":"https:\/\/www.monsupello.it\/#website","url":"https:\/\/www.monsupello.it\/","name":"Monsupello Vini","description":"","publisher":{"@id":"https:\/\/www.monsupello.it\/#organization"},"potentialAction":[{"@type":"SearchAction","target":{"@type":"EntryPoint","urlTemplate":"https:\/\/www.monsupello.it\/?s={search_term_string}"},"query-input":{"@type":"PropertyValueSpecification","valueRequired":true,"valueName":"search_term_string"}}],"inLanguage":"en-GB"},{"@type":"Organization","@id":"https:\/\/www.monsupello.it\/#organization","name":"Monsupello Vini","url":"https:\/\/www.monsupello.it\/","logo":{"@type":"ImageObject","inLanguage":"en-GB","@id":"https:\/\/www.monsupello.it\/#\/schema\/logo\/image\/","url":"https:\/\/www.monsupello.it\/wp-content\/uploads\/2024\/04\/monsupello-logo-1.png","contentUrl":"https:\/\/www.monsupello.it\/wp-content\/uploads\/2024\/04\/monsupello-logo-1.png","width":583,"height":189,"caption":"Monsupello Vini"},"image":{"@id":"https:\/\/www.monsupello.it\/#\/schema\/logo\/image\/"},"sameAs":["https:\/\/www.facebook.com\/monsupello\/","https:\/\/x.com\/monsupello","https:\/\/www.instagram.com\/monsupello\/","https:\/\/www.youtube.com\/@monsupello4189"]}]}},"_links":{"self":[{"href":"https:\/\/www.monsupello.it\/en\/wp-json\/wp\/v2\/pages\/7","targetHints":{"allow":["GET"]}}],"collection":[{"href":"https:\/\/www.monsupello.it\/en\/wp-json\/wp\/v2\/pages"}],"about":[{"href":"https:\/\/www.monsupello.it\/en\/wp-json\/wp\/v2\/types\/page"}],"author":[{"embeddable":true,"href":"https:\/\/www.monsupello.it\/en\/wp-json\/wp\/v2\/users\/1"}],"replies":[{"embeddable":true,"href":"https:\/\/www.monsupello.it\/en\/wp-json\/wp\/v2\/comments?post=7"}],"version-history":[{"count":85,"href":"https:\/\/www.monsupello.it\/en\/wp-json\/wp\/v2\/pages\/7\/revisions"}],"predecessor-version":[{"id":2628,"href":"https:\/\/www.monsupello.it\/en\/wp-json\/wp\/v2\/pages\/7\/revisions\/2628"}],"wp:attachment":[{"href":"https:\/\/www.monsupello.it\/en\/wp-json\/wp\/v2\/media?parent=7"}],"curies":[{"name":"wp","href":"https:\/\/api.w.org\/{rel}","templated":true}]}}